{"id":196,"date":"2024-03-04T04:04:26","date_gmt":"2024-03-04T04:04:26","guid":{"rendered":"https:\/\/shthemes.net\/demosd\/acens\/?page_id=196"},"modified":"2025-04-10T17:13:33","modified_gmt":"2025-04-10T20:13:33","slug":"izoom","status":"publish","type":"page","link":"https:\/\/agenciaizoom.com.br\/v1\/izoom\/","title":{"rendered":"Izoom"},"content":{"rendered":"\t\t<div data-elementor-type=\"wp-page\" data-elementor-id=\"196\" class=\"elementor elementor-196\" data-elementor-post-type=\"page\">\n\t\t\t\t\t\t<section class=\"elementor-section elementor-top-section elementor-element elementor-element-12006b6 elementor-section-full_width elementor-section-height-default elementor-section-height-default\" data-id=\"12006b6\" data-element_type=\"section\">\n\t\t\t\t\t\t<div class=\"elementor-container elementor-column-gap-no\">\n\t\t\t\t\t<div class=\"elementor-column elementor-col-100 elementor-top-column elementor-element elementor-element-1bf540f\" data-id=\"1bf540f\" data-element_type=\"column\">\n\t\t\t<div class=\"elementor-widget-wrap elementor-element-populated\">\n\t\t\t\t\t\t<div class=\"elementor-element elementor-element-bb72976 elementor-align-left elementor-widget elementor-widget-bdevs-banner-pages\" data-id=\"bb72976\" data-element_type=\"widget\" data-widget_type=\"bdevs-banner-pages.default\">\n\t\t\t\t<div class=\"elementor-widget-container\">\n\t\t\t\t\t \r\n<section class=\"banner-header section-padding bg-img bg-fixed bg-img-position-top\" data-overlay-dark=\"7\" data-background=\"https:\/\/shthemes.net\/demosd\/acens\/wp-content\/uploads\/2024\/03\/5-3.jpg\">\r\n    <div class=\"v-middle\">\r\n        <div class=\"container\">\r\n            <div class=\"row\">\r\n                <div class=\"col-md-12 text-center mt-60\">\r\n                \t                    <h1>Sobre n\u00f3s<\/h1>\r\n                                        <ul class=\"breadcrumbs\">\r\n                    \t                        <li><a href=\"https:\/\/shthemes.net\/demosd\/acens\/\">Home<\/a><\/li>\r\n                         \r\n                        <li>Sobre n\u00f3s<\/li>\r\n                    <\/ul>\r\n                <\/div>\r\n            <\/div>\r\n        <\/div>\r\n    <\/div>\r\n<\/section>\r\n<!-- divider line -->\r\n<div class=\"line-vr-section\"><\/div>\r\n\t\t\t\t\t<\/div>\n\t\t\t\t<\/div>\n\t\t\t\t\t<\/div>\n\t\t<\/div>\n\t\t\t\t\t<\/div>\n\t\t<\/section>\n\t\t\t\t<section class=\"elementor-section elementor-top-section elementor-element elementor-element-a4264ba elementor-section-full_width elementor-section-height-default elementor-section-height-default\" data-id=\"a4264ba\" data-element_type=\"section\">\n\t\t\t\t\t\t<div class=\"elementor-container elementor-column-gap-no\">\n\t\t\t\t\t<div class=\"elementor-column elementor-col-100 elementor-top-column elementor-element elementor-element-1d727a4\" data-id=\"1d727a4\" data-element_type=\"column\">\n\t\t\t<div class=\"elementor-widget-wrap elementor-element-populated\">\n\t\t\t\t\t\t<div class=\"elementor-element elementor-element-ee085b9 elementor-align-left elementor-widget elementor-widget-bdevs-about-pages\" data-id=\"ee085b9\" data-element_type=\"widget\" data-widget_type=\"bdevs-about-pages.default\">\n\t\t\t\t<div class=\"elementor-widget-container\">\n\t\t\t\t\t \r\n<section class=\"about section-padding\">\r\n    <div class=\"container\">\r\n        <div class=\"row\">\r\n            <div class=\"col-md-7\">\r\n            \t                                <h1>Um pouco sobre n\u00f3s<\/h1>\r\n                                                <p>Bem-vindo \u00e0 Izoom! Somos uma ag\u00eancia de marketing digital em Curitiba, com mais de 10 anos de experi\u00eancia no mercado. Somos especialistas em marketing digital, web design, audiovisual e m\u00eddias de performance, o combo perfeito para levar sua marca a outro patamar. <\/br>\n\nSomos a melhor solu\u00e7\u00e3o para a sua empresa, pois nos preocupamos verdadeiramente com o resultado! <\/br>\n\nCom uma equipe especializada em Marketing Digital, criamos processos de vendas atrav\u00e9s da internet! <\/br>\n\nNosso compromisso \u00e9 construir, em conjunto com voc\u00ea e sua equipe, um processo 100% mensur\u00e1vel, baseado em dados que vai permitir que a sua empresa VENDA todos os dias de forma consistente. <\/br>\n\n<strong><\/br>Izoom \u00e9 a escolha certa para impulsionar a sua empresa no digital <\/strong> <\/p>                                <!-- list -->\r\n                <ul class=\"list-unstyled list mb-30\">\r\n                \t                    <li>\r\n                        <div class=\"list-icon\"> <i class=\"fa-solid fa-check\"><\/i> <\/div>\r\n                        <div class=\"list-text\">\r\n                            <p>Tr\u00e1fego Pago<\/p>\r\n                        <\/div>\r\n                    <\/li>\r\n                                        <li>\r\n                        <div class=\"list-icon\"> <i class=\"fa-solid fa-check\"><\/i> <\/div>\r\n                        <div class=\"list-text\">\r\n                            <p>P\u00e1gina de Vendas<\/p>\r\n                        <\/div>\r\n                    <\/li>\r\n                                        <li>\r\n                        <div class=\"list-icon\"> <i class=\"fa-solid fa-check\"><\/i> <\/div>\r\n                        <div class=\"list-text\">\r\n                            <p>Social Media<\/p>\r\n                        <\/div>\r\n                    <\/li>\r\n                                        <li>\r\n                        <div class=\"list-icon\"> <i class=\"fa-solid fa-check\"><\/i> <\/div>\r\n                        <div class=\"list-text\">\r\n                            <p>E-commerce<\/p>\r\n                        <\/div>\r\n                    <\/li>\r\n                                        <li>\r\n                        <div class=\"list-icon\"> <i class=\"fa-solid fa-check\"><\/i> <\/div>\r\n                        <div class=\"list-text\">\r\n                            <p>Inbound Marketing<\/p>\r\n                        <\/div>\r\n                    <\/li>\r\n                                        <li>\r\n                        <div class=\"list-icon\"> <i class=\"fa-solid fa-check\"><\/i> <\/div>\r\n                        <div class=\"list-text\">\r\n                            <p>E muito mais.<\/p>\r\n                        <\/div>\r\n                    <\/li>\r\n                    \r\n                <\/ul> \r\n                            <\/div>\r\n            <div class=\"col-md-5\">\r\n                <div class=\"item\">\r\n                    <div class=\"wrap\">\r\n                        <div class=\"img\"> <img decoding=\"async\" data-src=\"https:\/\/agenciaizoom.com.br\/v1\/wp-content\/uploads\/2025\/01\/agencia-de-marketing.png\" class=\"img-fluid lazyload\" src=\"data:image\/svg+xml;base64,PHN2ZyB3aWR0aD0iMSIgaGVpZ2h0PSIxIiB4bWxucz0iaHR0cDovL3d3dy53My5vcmcvMjAwMC9zdmciPjwvc3ZnPg==\"> <\/div>\r\n                        <div class=\"title\">\r\n                        \t                            <h4>Izoom <\/h4>\r\n                                                                                    <h6>Performance &amp; Inova\u00e7\u00e3o<\/h6>\r\n                                                    <\/div>\r\n                    <\/div>\r\n                <\/div>\r\n            <\/div>\r\n        <\/div>\r\n    <\/div>\r\n<\/section>\r\n<!-- divider line -->\r\n<div class=\"line-vr-section\"><\/div>\r\n\t\t\t\t\t<\/div>\n\t\t\t\t<\/div>\n\t\t\t\t\t<\/div>\n\t\t<\/div>\n\t\t\t\t\t<\/div>\n\t\t<\/section>\n\t\t\t\t<section class=\"elementor-section elementor-top-section elementor-element elementor-element-1ad7f3cb elementor-section-full_width elementor-section-height-default elementor-section-height-default\" data-id=\"1ad7f3cb\" data-element_type=\"section\">\n\t\t\t\t\t\t<div class=\"elementor-container elementor-column-gap-no\">\n\t\t\t\t\t<div class=\"elementor-column elementor-col-100 elementor-top-column elementor-element elementor-element-404c3d97\" data-id=\"404c3d97\" data-element_type=\"column\">\n\t\t\t<div class=\"elementor-widget-wrap elementor-element-populated\">\n\t\t\t\t\t\t<div class=\"elementor-element elementor-element-7c41f393 elementor-align-left elementor-widget elementor-widget-bdevs-clients\" data-id=\"7c41f393\" data-element_type=\"widget\" data-widget_type=\"bdevs-clients.default\">\n\t\t\t\t<div class=\"elementor-widget-container\">\n\t\t\t\t\t \r\n<section class=\"clients section-padding\">\r\n    <div class=\"container\">\r\n        <div class=\"row mb-30\">\r\n            <div class=\"col-md-12 text-center\">\r\n                                                <h1 class=\"wow\" data-splitting>Junte-se a n\u00f3s e fa\u00e7a a diferen\u00e7a na sua empresa!<\/h1>\r\n                                <div class=\"line-hr-section center\"><\/div>\r\n            <\/div>\r\n        <\/div>\r\n        <div class=\"row\">\r\n            <div class=\"col-md-12\">\r\n                <div class=\"owl-carousel owl-theme\">\r\n                \t                    <div class=\"clients-logo\">\r\n                        <a href=\"#0\"><img decoding=\"async\" data-src=\"https:\/\/agenciaizoom.com.br\/v1\/wp-content\/uploads\/2025\/01\/Wizard-l.png\" alt=\"\" src=\"data:image\/svg+xml;base64,PHN2ZyB3aWR0aD0iMSIgaGVpZ2h0PSIxIiB4bWxucz0iaHR0cDovL3d3dy53My5vcmcvMjAwMC9zdmciPjwvc3ZnPg==\" class=\"lazyload\" style=\"--smush-placeholder-width: 500px; --smush-placeholder-aspect-ratio: 500\/250;\"><\/a>\r\n                    <\/div>\r\n                                        <div class=\"clients-logo\">\r\n                        <a href=\"#0\"><img decoding=\"async\" data-src=\"https:\/\/agenciaizoom.com.br\/v1\/wp-content\/uploads\/2025\/01\/riso-1.png\" alt=\"\" src=\"data:image\/svg+xml;base64,PHN2ZyB3aWR0aD0iMSIgaGVpZ2h0PSIxIiB4bWxucz0iaHR0cDovL3d3dy53My5vcmcvMjAwMC9zdmciPjwvc3ZnPg==\" class=\"lazyload\" style=\"--smush-placeholder-width: 500px; --smush-placeholder-aspect-ratio: 500\/250;\"><\/a>\r\n                    <\/div>\r\n                                        <div class=\"clients-logo\">\r\n                        <a href=\"#0\"><img decoding=\"async\" data-src=\"https:\/\/shthemes.net\/demosd\/acens\/wp-content\/uploads\/2024\/03\/2.png\" alt=\"\" src=\"data:image\/svg+xml;base64,PHN2ZyB3aWR0aD0iMSIgaGVpZ2h0PSIxIiB4bWxucz0iaHR0cDovL3d3dy53My5vcmcvMjAwMC9zdmciPjwvc3ZnPg==\" class=\"lazyload\"><\/a>\r\n                    <\/div>\r\n                                        <div class=\"clients-logo\">\r\n                        <a href=\"#0\"><img decoding=\"async\" data-src=\"https:\/\/shthemes.net\/demosd\/acens\/wp-content\/uploads\/2024\/03\/3.png\" alt=\"\" src=\"data:image\/svg+xml;base64,PHN2ZyB3aWR0aD0iMSIgaGVpZ2h0PSIxIiB4bWxucz0iaHR0cDovL3d3dy53My5vcmcvMjAwMC9zdmciPjwvc3ZnPg==\" class=\"lazyload\"><\/a>\r\n                    <\/div>\r\n                                        <div class=\"clients-logo\">\r\n                        <a href=\"#0\"><img decoding=\"async\" data-src=\"https:\/\/agenciaizoom.com.br\/v1\/wp-content\/uploads\/2025\/01\/natura.png\" alt=\"\" src=\"data:image\/svg+xml;base64,PHN2ZyB3aWR0aD0iMSIgaGVpZ2h0PSIxIiB4bWxucz0iaHR0cDovL3d3dy53My5vcmcvMjAwMC9zdmciPjwvc3ZnPg==\" class=\"lazyload\" style=\"--smush-placeholder-width: 500px; --smush-placeholder-aspect-ratio: 500\/250;\"><\/a>\r\n                    <\/div>\r\n                                        <div class=\"clients-logo\">\r\n                        <a href=\"#0\"><img decoding=\"async\" data-src=\"https:\/\/agenciaizoom.com.br\/v1\/wp-content\/uploads\/2025\/01\/medprev.png\" alt=\"\" src=\"data:image\/svg+xml;base64,PHN2ZyB3aWR0aD0iMSIgaGVpZ2h0PSIxIiB4bWxucz0iaHR0cDovL3d3dy53My5vcmcvMjAwMC9zdmciPjwvc3ZnPg==\" class=\"lazyload\" style=\"--smush-placeholder-width: 500px; --smush-placeholder-aspect-ratio: 500\/250;\"><\/a>\r\n                    <\/div>\r\n                                    <\/div>\r\n            <\/div>\r\n        <\/div>\r\n    <\/div>\r\n<\/section>\r\n\t\t\t\t\t<\/div>\n\t\t\t\t<\/div>\n\t\t\t\t\t<\/div>\n\t\t<\/div>\n\t\t\t\t\t<\/div>\n\t\t<\/section>\n\t\t\t\t<section class=\"elementor-section elementor-top-section elementor-element elementor-element-64b25c2 elementor-section-full_width elementor-section-height-default elementor-section-height-default\" data-id=\"64b25c2\" data-element_type=\"section\">\n\t\t\t\t\t\t<div class=\"elementor-container elementor-column-gap-no\">\n\t\t\t\t\t<div class=\"elementor-column elementor-col-100 elementor-top-column elementor-element elementor-element-52d6b20\" data-id=\"52d6b20\" data-element_type=\"column\">\n\t\t\t<div class=\"elementor-widget-wrap elementor-element-populated\">\n\t\t\t\t\t\t<div class=\"elementor-element elementor-element-7431088 elementor-align-left elementor-widget elementor-widget-bdevs-lets-talk\" data-id=\"7431088\" data-element_type=\"widget\" data-widget_type=\"bdevs-lets-talk.default\">\n\t\t\t\t<div class=\"elementor-widget-container\">\n\t\t\t\t\t \r\n<div class=\"line-vr-section\"><\/div>\r\n<section id=\"contact\" data-scroll-index=\"6\" class=\"lets-talk background bg-img bg-fixed section-padding\" data-overlay-dark=\"5\" data-background=\"https:\/\/shthemes.net\/demosd\/acens\/wp-content\/uploads\/2024\/03\/banner2.jpg\">\r\n    <div class=\"container\">\r\n        <div class=\"row\">\r\n            <div class=\"col-md-12 text-center\">\r\n            \t                                <h5><span>Vamos<\/span> Conversar!<\/h5> \r\n                                                <a href=\"tel: 41 3079-9707\" class=\"btn-1 mt-30\"> <i class=\"fa-solid fa-phone\"><\/i>  41 3079-9707<\/a> \r\n                                                <a href=\"https:\/\/agenciaizoom.com.br\/v1\/contato\/\" class=\"btn-5 mt-30\"> <i class=\"fa-solid fa-paper-plane\"><\/i> Saiba mais<\/a>\r\n                            <\/div>\r\n        <\/div>\r\n    <\/div>\r\n<\/section>\r\n\t\t\t\t\t<\/div>\n\t\t\t\t<\/div>\n\t\t\t\t\t<\/div>\n\t\t<\/div>\n\t\t\t\t\t<\/div>\n\t\t<\/section>\n\t\t\t\t<\/div>\n\t\t","protected":false},"excerpt":{"rendered":"<p>Sobre n\u00f3s Home Sobre n\u00f3s Um pouco sobre n\u00f3s Bem-vindo \u00e0 Izoom! Somos uma ag\u00eancia de marketing digital em Curitiba, com mais de 10 anos de experi\u00eancia no mercado. Somos especialistas em marketing digital, web design, audiovisual e m\u00eddias de performance, o combo perfeito para levar sua marca a outro patamar. Somos a melhor solu\u00e7\u00e3o [&hellip;]<\/p>\n","protected":false},"author":1,"featured_media":0,"parent":0,"menu_order":0,"comment_status":"closed","ping_status":"closed","template":"page-templates\/home.php","meta":{"inline_featured_image":false,"footnotes":""},"class_list":["post-196","page","type-page","status-publish","hentry"],"aioseo_notices":[],"_links":{"self":[{"href":"https:\/\/agenciaizoom.com.br\/v1\/wp-json\/wp\/v2\/pages\/196","targetHints":{"allow":["GET"]}}],"collection":[{"href":"https:\/\/agenciaizoom.com.br\/v1\/wp-json\/wp\/v2\/pages"}],"about":[{"href":"https:\/\/agenciaizoom.com.br\/v1\/wp-json\/wp\/v2\/types\/page"}],"author":[{"embeddable":true,"href":"https:\/\/agenciaizoom.com.br\/v1\/wp-json\/wp\/v2\/users\/1"}],"replies":[{"embeddable":true,"href":"https:\/\/agenciaizoom.com.br\/v1\/wp-json\/wp\/v2\/comments?post=196"}],"version-history":[{"count":39,"href":"https:\/\/agenciaizoom.com.br\/v1\/wp-json\/wp\/v2\/pages\/196\/revisions"}],"predecessor-version":[{"id":18217,"href":"https:\/\/agenciaizoom.com.br\/v1\/wp-json\/wp\/v2\/pages\/196\/revisions\/18217"}],"wp:attachment":[{"href":"https:\/\/agenciaizoom.com.br\/v1\/wp-json\/wp\/v2\/media?parent=196"}],"curies":[{"name":"wp","href":"https:\/\/api.w.org\/{rel}","templated":true}]}}