{"id":229,"date":"2024-03-04T04:11:56","date_gmt":"2024-03-04T04:11:56","guid":{"rendered":"https:\/\/shthemes.net\/demosd\/acens\/?page_id=229"},"modified":"2025-08-22T09:42:30","modified_gmt":"2025-08-22T12:42:30","slug":"contato","status":"publish","type":"page","link":"https:\/\/agenciaizoom.com.br\/v1\/contato\/","title":{"rendered":"Contato"},"content":{"rendered":"\t\t<div data-elementor-type=\"wp-page\" data-elementor-id=\"229\" class=\"elementor elementor-229\" data-elementor-post-type=\"page\">\n\t\t\t\t\t\t<section class=\"elementor-section elementor-top-section elementor-element elementor-element-7cd2d4f elementor-section-full_width elementor-section-height-default elementor-section-height-default\" data-id=\"7cd2d4f\" data-element_type=\"section\" data-e-type=\"section\">\n\t\t\t\t\t\t<div class=\"elementor-container elementor-column-gap-no\">\n\t\t\t\t\t<div class=\"elementor-column elementor-col-100 elementor-top-column elementor-element elementor-element-510c5c4\" data-id=\"510c5c4\" data-element_type=\"column\" data-e-type=\"column\">\n\t\t\t<div class=\"elementor-widget-wrap elementor-element-populated\">\n\t\t\t\t\t\t<div class=\"elementor-element elementor-element-03e4165 elementor-align-left elementor-widget elementor-widget-bdevs-banner-pages\" data-id=\"03e4165\" data-element_type=\"widget\" data-e-type=\"widget\" data-widget_type=\"bdevs-banner-pages.default\">\n\t\t\t\t<div class=\"elementor-widget-container\">\n\t\t\t\t\t \r\n<section class=\"banner-header section-padding bg-img bg-fixed bg-img-position-top\" data-overlay-dark=\"7\" data-background=\"https:\/\/shthemes.net\/demosd\/acens\/wp-content\/uploads\/2024\/03\/2-3.jpg\">\r\n    <div class=\"v-middle\">\r\n        <div class=\"container\">\r\n            <div class=\"row\">\r\n                <div class=\"col-md-12 text-center mt-60\">\r\n                \t                    <h1>Contatos<\/h1>\r\n                                        <ul class=\"breadcrumbs\">\r\n                    \t                        <li><a href=\"https:\/\/agenciaizoom.com.br\/v1\/\"><\/a><\/li>\r\n                         \r\n                        <li>Contatos<\/li>\r\n                    <\/ul>\r\n                <\/div>\r\n            <\/div>\r\n        <\/div>\r\n    <\/div>\r\n<\/section>\r\n<!-- divider line -->\r\n<div class=\"line-vr-section\"><\/div>\r\n\t\t\t\t\t<\/div>\n\t\t\t\t<\/div>\n\t\t\t\t\t<\/div>\n\t\t<\/div>\n\t\t\t\t\t<\/div>\n\t\t<\/section>\n\t\t\t\t<section class=\"elementor-section elementor-top-section elementor-element elementor-element-40f19ff elementor-section-full_width elementor-section-height-default elementor-section-height-default\" data-id=\"40f19ff\" data-element_type=\"section\" data-e-type=\"section\">\n\t\t\t\t\t\t<div class=\"elementor-container elementor-column-gap-no\">\n\t\t\t\t\t<div class=\"elementor-column elementor-col-100 elementor-top-column elementor-element elementor-element-ae99e75\" data-id=\"ae99e75\" data-element_type=\"column\" data-e-type=\"column\">\n\t\t\t<div class=\"elementor-widget-wrap elementor-element-populated\">\n\t\t\t\t\t\t<div class=\"elementor-element elementor-element-7579ea8 elementor-align-left elementor-widget elementor-widget-bdevs-contact-pages\" data-id=\"7579ea8\" data-element_type=\"widget\" data-e-type=\"widget\" data-widget_type=\"bdevs-contact-pages.default\">\n\t\t\t\t<div class=\"elementor-widget-container\">\n\t\t\t\t\t \r\n<section class=\"contact section-padding\">\r\n    <div class=\"container\">\r\n        <div class=\"row\">\r\n            <div class=\"col-lg-6 col-md-12 mb-60\">\r\n                <div class=\"row mb-60\">\r\n                    <div class=\"col-md-12\">\r\n                    \t                        <h5>Converse conosco<\/h5>\r\n                                                                        <p>Preencha o formul\u00e1rio e fale agora com o nosso time para tirar todas as d\u00favidas sobre os nossos servi\u00e7os.<\/p>\r\n                                                <div class=\"con\">\r\n                        \t                            <div class=\"icon\"> <span class=\"fa-solid fa-phone\"><\/span> <\/div>\r\n                                                                                    <div class=\"con-content\">\r\n                                <p class=\"text\"><a href=\"tel:41 3079-9707\">41 3079-9707<\/a><\/p>\r\n                            <\/div>\r\n                                                    <\/div>\r\n                        <div class=\"con\">\r\n                        \t                            <div class=\"icon\"> <span class=\"fa-solid fa-envelope\"><\/span> <\/div>\r\n                                                                                    <div class=\"con-content\">\r\n                                <p class=\"text\"><a href=\"mailto:contato@agenciaizoom.com.br\">contato@agenciaizoom.com.br<\/a><\/p>\r\n                            <\/div>\r\n                                                    <\/div>\r\n                        <div class=\"con\">\r\n                        \t                            <div class=\"icon\"> <span class=\"fa-solid fa-location\"><\/span> <\/div>\r\n                                                                                    <div class=\"con-content\">\r\n                                <p class=\"text\">R. XV de Novembro, 362 - Sala 501 Centro, Curitiba - PR<\/p>\r\n                            <\/div>\r\n                                                    <\/div>\r\n                    <\/div>\r\n                <\/div>\r\n                <div class=\"row\">\r\n                    <div class=\"col-md-12\">\r\n                        <h5><\/h5>\r\n                        <div class=\"opening-hours\">\r\n                            <ul>\r\n                            \t                                <li>\r\n                                    <div class=\"tit\"><\/div>\r\n                                    <div class=\"dots\"><\/div> <span><\/span>\r\n                                <\/li>\r\n                                                            <\/ul>\r\n                        <\/div>\r\n                    <\/div>\r\n                <\/div>\r\n            <\/div>\r\n            <div class=\"col-lg-6 col-md-12\">\r\n            \t                                \n<div class=\"wpcf7 no-js\" id=\"wpcf7-f533-o1\" lang=\"en-US\" dir=\"ltr\" data-wpcf7-id=\"533\">\n<div class=\"screen-reader-response\"><p role=\"status\" aria-live=\"polite\" aria-atomic=\"true\"><\/p> <ul><\/ul><\/div>\n<form action=\"\/v1\/wp-json\/wp\/v2\/pages\/229#wpcf7-f533-o1\" method=\"post\" class=\"wpcf7-form init\" aria-label=\"Contact form\" novalidate=\"novalidate\" data-status=\"init\">\n<fieldset class=\"hidden-fields-container\"><input type=\"hidden\" name=\"_wpcf7\" value=\"533\" \/><input type=\"hidden\" name=\"_wpcf7_version\" value=\"6.1.1\" \/><input type=\"hidden\" name=\"_wpcf7_locale\" value=\"en_US\" \/><input type=\"hidden\" name=\"_wpcf7_unit_tag\" value=\"wpcf7-f533-o1\" \/><input type=\"hidden\" name=\"_wpcf7_container_post\" value=\"0\" \/><input type=\"hidden\" name=\"_wpcf7_posted_data_hash\" value=\"\" \/>\n<\/fieldset>\n<div class=\"contact__form\">\n\t<div class=\"row\">\n\t\t<div class=\"col-md-12 form-group\">\n\t\t\t<p><span class=\"wpcf7-form-control-wrap\" data-name=\"your-name\"><input size=\"40\" maxlength=\"400\" class=\"wpcf7-form-control wpcf7-text wpcf7-validates-as-required\" aria-required=\"true\" aria-invalid=\"false\" placeholder=\"Nome*\" value=\"\" type=\"text\" name=\"your-name\" \/><\/span>\n\t\t\t<\/p>\n\t\t<\/div>\n\t\t<div class=\"col-md-6 form-group\">\n\t\t\t<p><span class=\"wpcf7-form-control-wrap\" data-name=\"your-email\"><input size=\"40\" maxlength=\"400\" class=\"wpcf7-form-control wpcf7-email wpcf7-validates-as-required wpcf7-text wpcf7-validates-as-email\" aria-required=\"true\" aria-invalid=\"false\" placeholder=\"E-mail *\" value=\"\" type=\"email\" name=\"your-email\" \/><\/span>\n\t\t\t<\/p>\n\t\t<\/div>\n\t\t<div class=\"col-md-6 form-group\">\n\t\t\t<p><span class=\"wpcf7-form-control-wrap\" data-name=\"your-phone\"><input size=\"40\" maxlength=\"400\" class=\"wpcf7-form-control wpcf7-text wpcf7-validates-as-required\" aria-required=\"true\" aria-invalid=\"false\" placeholder=\"Telefone*\" value=\"\" type=\"text\" name=\"your-phone\" \/><\/span>\n\t\t\t<\/p>\n\t\t<\/div>\n\t\t<div class=\"col-md-12 form-group\">\n\t\t\t<p><span class=\"wpcf7-form-control-wrap\" data-name=\"your-subject\"><input size=\"40\" maxlength=\"400\" class=\"wpcf7-form-control wpcf7-text wpcf7-validates-as-required\" aria-required=\"true\" aria-invalid=\"false\" placeholder=\"Instagram da empresa*\" value=\"\" type=\"text\" name=\"your-subject\" \/><\/span>\n\t\t\t<\/p>\n\t\t<\/div>\n\t\t<div class=\"col-md-12 form-group\">\n\t\t\t<p><span class=\"wpcf7-form-control-wrap\" data-name=\"select-76\"><select class=\"wpcf7-form-control wpcf7-select wpcf7-validates-as-required\" aria-required=\"true\" aria-invalid=\"false\" name=\"select-76\"><option value=\"\">J\u00e1 investe em an\u00fancios online hoje?<\/option><option value=\"Sim\">Sim<\/option><option value=\"N\u00e3o\">N\u00e3o<\/option><\/select><\/span>\n\t\t\t<\/p>\n\t\t<\/div>\n\t\t<div class=\"col-md-12 form-group\">\n\t\t\t<p><span class=\"wpcf7-form-control-wrap\" data-name=\"select-929\"><select class=\"wpcf7-form-control wpcf7-select\" aria-invalid=\"false\" name=\"select-929\"><option value=\"\">Quanto investe\/pretende investir em an\u00fancios?<\/option><option value=\"At\u00e9 R$ 500,00\">At\u00e9 R$ 500,00<\/option><option value=\"De R$ 501,00 a R$ 1.000,00\">De R$ 501,00 a R$ 1.000,00<\/option><option value=\"De R$ 1.001,00 a R$ 1.500,00\">De R$ 1.001,00 a R$ 1.500,00<\/option><option value=\"De R$ 1.501,00 a R$ 3.000,00\">De R$ 1.501,00 a R$ 3.000,00<\/option><option value=\"De R$ 3.001,00 a R$ 7.000,00\">De R$ 3.001,00 a R$ 7.000,00<\/option><option value=\"De R$ 7.001,00 a R$ 10.000,00\">De R$ 7.001,00 a R$ 10.000,00<\/option><option value=\"De R$ 10.001,00 a R$ 20.000,00\">De R$ 10.001,00 a R$ 20.000,00<\/option><option value=\"De R$ 20.001,00 a R$ 30.000,00\">De R$ 20.001,00 a R$ 30.000,00<\/option><option value=\"Acima de R$ 30.000,00\">Acima de R$ 30.000,00<\/option><\/select><\/span>\n\t\t\t<\/p>\n\t\t<\/div>\n\t\t<div class=\"col-md-12 form-group\">\n\t\t\t<p><span class=\"wpcf7-form-control-wrap\" data-name=\"select-572\"><select class=\"wpcf7-form-control wpcf7-select wpcf7-validates-as-required\" aria-required=\"true\" aria-invalid=\"false\" name=\"select-572\"><option value=\"\">Qual faturamento mensal da sua empresa?<\/option><option value=\"At\u00e9 15 Mil\">At\u00e9 15 Mil<\/option><option value=\"De 16 a 30 Mil\">De 16 a 30 Mil<\/option><option value=\"De 31 a 50 Mil\">De 31 a 50 Mil<\/option><option value=\"De 51 a 100 Mil\">De 51 a 100 Mil<\/option><option value=\"De 101 a 360 Mil\">De 101 a 360 Mil<\/option><option value=\"De 361 a 1 Milh\u00e3o\">De 361 a 1 Milh\u00e3o<\/option><option value=\"Acima de 1 Milh\u00e3o\">Acima de 1 Milh\u00e3o<\/option><\/select><\/span>\n\t\t\t<\/p>\n\t\t<\/div>\n\t\t<div class=\"col-md-12\">\n\t\t\t<p><input class=\"wpcf7-form-control wpcf7-submit has-spinner\" type=\"submit\" value=\"Enviar\" \/>\n\t\t\t<\/p>\n\t\t<\/div>\n\t<\/div>\n<\/div><div class=\"wpcf7-response-output\" aria-hidden=\"true\"><\/div>\n<\/form>\n<\/div>\n                            <\/div>\r\n        <\/div>\r\n    <\/div>\r\n<\/section>\r\n<!-- Maps -->\r\n\t\t\t\t\t<\/div>\n\t\t\t\t<\/div>\n\t\t\t\t\t<\/div>\n\t\t<\/div>\n\t\t\t\t\t<\/div>\n\t\t<\/section>\n\t\t\t\t<\/div>\n\t\t","protected":false},"excerpt":{"rendered":"<p>Contatos Contatos Converse conosco Preencha o formul\u00e1rio e fale agora com o nosso time para tirar todas as d\u00favidas sobre os nossos servi\u00e7os. 41 3079-9707 contato@agenciaizoom.com.br R. XV de Novembro, 362 &#8211; Sala 501 Centro, Curitiba &#8211; PR J\u00e1 investe em an\u00fancios online hoje?SimN\u00e3o Quanto investe\/pretende investir em an\u00fancios?At\u00e9 R$ 500,00De R$ 501,00 a R$ [&hellip;]<\/p>\n","protected":false},"author":1,"featured_media":0,"parent":0,"menu_order":0,"comment_status":"closed","ping_status":"closed","template":"page-templates\/home.php","meta":{"inline_featured_image":false,"footnotes":""},"class_list":["post-229","page","type-page","status-publish","hentry"],"aioseo_notices":[],"_links":{"self":[{"href":"https:\/\/agenciaizoom.com.br\/v1\/wp-json\/wp\/v2\/pages\/229","targetHints":{"allow":["GET"]}}],"collection":[{"href":"https:\/\/agenciaizoom.com.br\/v1\/wp-json\/wp\/v2\/pages"}],"about":[{"href":"https:\/\/agenciaizoom.com.br\/v1\/wp-json\/wp\/v2\/types\/page"}],"author":[{"embeddable":true,"href":"https:\/\/agenciaizoom.com.br\/v1\/wp-json\/wp\/v2\/users\/1"}],"replies":[{"embeddable":true,"href":"https:\/\/agenciaizoom.com.br\/v1\/wp-json\/wp\/v2\/comments?post=229"}],"version-history":[{"count":29,"href":"https:\/\/agenciaizoom.com.br\/v1\/wp-json\/wp\/v2\/pages\/229\/revisions"}],"predecessor-version":[{"id":18422,"href":"https:\/\/agenciaizoom.com.br\/v1\/wp-json\/wp\/v2\/pages\/229\/revisions\/18422"}],"wp:attachment":[{"href":"https:\/\/agenciaizoom.com.br\/v1\/wp-json\/wp\/v2\/media?parent=229"}],"curies":[{"name":"wp","href":"https:\/\/api.w.org\/{rel}","templated":true}]}}