{"id":86,"date":"2024-03-01T07:37:38","date_gmt":"2024-03-01T07:37:38","guid":{"rendered":"https:\/\/shthemes.net\/demosd\/acens\/?page_id=86"},"modified":"2025-04-07T14:45:41","modified_gmt":"2025-04-07T17:45:41","slug":"blog","status":"publish","type":"page","link":"https:\/\/agenciaizoom.com.br\/v1\/blog\/","title":{"rendered":"Blog"},"content":{"rendered":"\t\t<div data-elementor-type=\"wp-page\" data-elementor-id=\"86\" class=\"elementor elementor-86\" data-elementor-post-type=\"page\">\n\t\t\t\t\t\t<section class=\"elementor-section elementor-top-section elementor-element elementor-element-84cd0a1 elementor-section-full_width elementor-section-height-default elementor-section-height-default\" data-id=\"84cd0a1\" data-element_type=\"section\" data-e-type=\"section\">\n\t\t\t\t\t\t<div class=\"elementor-container elementor-column-gap-no\">\n\t\t\t\t\t<div class=\"elementor-column elementor-col-100 elementor-top-column elementor-element elementor-element-784d585\" data-id=\"784d585\" data-element_type=\"column\" data-e-type=\"column\">\n\t\t\t<div class=\"elementor-widget-wrap elementor-element-populated\">\n\t\t\t\t\t\t<div class=\"elementor-element elementor-element-40f350c elementor-align-left elementor-widget elementor-widget-bdevs-banner-blog\" data-id=\"40f350c\" data-element_type=\"widget\" data-e-type=\"widget\" data-widget_type=\"bdevs-banner-blog.default\">\n\t\t\t\t<div class=\"elementor-widget-container\">\n\t\t\t\t\t \r\n<section class=\"banner-header section-padding bg-img bg-fixed\" data-overlay-dark=\"5\" data-background=\"https:\/\/shthemes.net\/demosd\/acens\/wp-content\/uploads\/2024\/03\/2-1.jpg\">\r\n    <div class=\"v-middle\">\r\n        <div class=\"container\">\r\n            <div class=\"row\">\r\n                <div class=\"col-md-12 text-center mt-60\">\r\n                \t                    <h1>Nosso Blog <\/h1>\r\n                                        <ul class=\"breadcrumbs\">\r\n                        <li><a href=\"https:\/\/agenciaizoom.com.br\/v1\/\"><\/a><\/li>\r\n                        <li>Nosso Blog <\/li>\r\n                    <\/ul>\r\n                <\/div>\r\n            <\/div>\r\n        <\/div>\r\n    <\/div>\r\n<\/section>\r\n<div class=\"line-vr-section\"><\/div>\r\n\t\t\t\t\t<\/div>\n\t\t\t\t<\/div>\n\t\t\t\t\t<\/div>\n\t\t<\/div>\n\t\t\t\t\t<\/div>\n\t\t<\/section>\n\t\t\t\t<section class=\"elementor-section elementor-top-section elementor-element elementor-element-6c0d11b elementor-section-full_width elementor-section-height-default elementor-section-height-default\" data-id=\"6c0d11b\" data-element_type=\"section\" data-e-type=\"section\">\n\t\t\t\t\t\t<div class=\"elementor-container elementor-column-gap-no\">\n\t\t\t\t\t<div class=\"elementor-column elementor-col-100 elementor-top-column elementor-element elementor-element-709533d\" data-id=\"709533d\" data-element_type=\"column\" data-e-type=\"column\">\n\t\t\t<div class=\"elementor-widget-wrap elementor-element-populated\">\n\t\t\t\t\t\t<div class=\"elementor-element elementor-element-ef6e5c9 elementor-align-left elementor-widget elementor-widget-bdevs-blog-grid-2\" data-id=\"ef6e5c9\" data-element_type=\"widget\" data-e-type=\"widget\" data-widget_type=\"bdevs-blog-grid-2.default\">\n\t\t\t\t<div class=\"elementor-widget-container\">\n\t\t\t\t\t \r\n\t\t<section class=\"blog2 section-padding bg-drk\">\r\n    <div class=\"container\">\r\n        <div class=\"row\">\r\n                                    <div class=\"col-lg-4 col-md-6 mb-25\">\r\n                <div class=\"item\">\r\n                                        <div class=\"img\">\r\n                        <a href=\"https:\/\/agenciaizoom.com.br\/v1\/meta-ads-mais-caro-em-2026-o-que-todo-empreendedor-precisa-saber\/\"><img decoding=\"async\" data-src=\"https:\/\/agenciaizoom.com.br\/v1\/wp-content\/uploads\/2025\/09\/meta-2026.jpg\" alt=\"\" src=\"data:image\/svg+xml;base64,PHN2ZyB3aWR0aD0iMSIgaGVpZ2h0PSIxIiB4bWxucz0iaHR0cDovL3d3dy53My5vcmcvMjAwMC9zdmciPjwvc3ZnPg==\" class=\"lazyload\" style=\"--smush-placeholder-width: 1200px; --smush-placeholder-aspect-ratio: 1200\/630;\"><\/a>\r\n                    <\/div>\r\n                \t                    <div class=\"wrapper\">\r\n                        <div class=\"date\">\r\n                            <a href=\"https:\/\/agenciaizoom.com.br\/v1\/meta-ads-mais-caro-em-2026-o-que-todo-empreendedor-precisa-saber\/\">03\/09\/2025<\/a>\r\n                        <\/div>\r\n                        <div class=\"con\">\r\n                            <div class=\"category\">\r\n                                <i class=\"fa-regular fa-user\"><\/i><a href=\"https:\/\/agenciaizoom.com.br\/v1\/author\/izoom\/\" title=\"Posts de izoom\" rel=\"author\">izoom<\/a>                                <i class=\"fa-regular fa-tag\"><\/i><ul class=\"post-categories\">\n\t<li><a href=\"https:\/\/agenciaizoom.com.br\/v1\/category\/midia-paga\/\" rel=\"category tag\">M\u00cdDIA PAGA<\/a><\/li><\/ul>                            <\/div>\r\n                            <div class=\"text\">\r\n                                <a href=\"https:\/\/agenciaizoom.com.br\/v1\/meta-ads-mais-caro-em-2026-o-que-todo-empreendedor-precisa-saber\/\">Meta Ads mais caro em 2026, o que todo empreendedor precisa saber.<\/a>\r\n                            <\/div>\r\n                            <a href=\"https:\/\/agenciaizoom.com.br\/v1\/meta-ads-mais-caro-em-2026-o-que-todo-empreendedor-precisa-saber\/\" class=\"icon-btn\"><span class=\"fa-sharp fa-light fa-arrow-right\"><\/span><\/a>\r\n                        <\/div>\r\n                    <\/div>\r\n                <\/div>\r\n            <\/div> \r\n                                    <div class=\"col-lg-4 col-md-6 mb-25\">\r\n                <div class=\"item\">\r\n                                        <div class=\"img\">\r\n                        <a href=\"https:\/\/agenciaizoom.com.br\/v1\/expansao-de-audiencia-usando-dados-3p\/\"><img decoding=\"async\" data-src=\"https:\/\/agenciaizoom.com.br\/v1\/wp-content\/uploads\/2025\/04\/Meta.png\" alt=\"\" src=\"data:image\/svg+xml;base64,PHN2ZyB3aWR0aD0iMSIgaGVpZ2h0PSIxIiB4bWxucz0iaHR0cDovL3d3dy53My5vcmcvMjAwMC9zdmciPjwvc3ZnPg==\" class=\"lazyload\" style=\"--smush-placeholder-width: 1200px; --smush-placeholder-aspect-ratio: 1200\/630;\"><\/a>\r\n                    <\/div>\r\n                \t                    <div class=\"wrapper\">\r\n                        <div class=\"date\">\r\n                            <a href=\"https:\/\/agenciaizoom.com.br\/v1\/expansao-de-audiencia-usando-dados-3p\/\">28\/04\/2025<\/a>\r\n                        <\/div>\r\n                        <div class=\"con\">\r\n                            <div class=\"category\">\r\n                                <i class=\"fa-regular fa-user\"><\/i><a href=\"https:\/\/agenciaizoom.com.br\/v1\/author\/izoom\/\" title=\"Posts de izoom\" rel=\"author\">izoom<\/a>                                <i class=\"fa-regular fa-tag\"><\/i><ul class=\"post-categories\">\n\t<li><a href=\"https:\/\/agenciaizoom.com.br\/v1\/category\/blog\/\" rel=\"category tag\">Blog<\/a><\/li><\/ul>                            <\/div>\r\n                            <div class=\"text\">\r\n                                <a href=\"https:\/\/agenciaizoom.com.br\/v1\/expansao-de-audiencia-usando-dados-3p\/\">Expans\u00e3o de Audi\u00eancia usando dados 3P<\/a>\r\n                            <\/div>\r\n                            <a href=\"https:\/\/agenciaizoom.com.br\/v1\/expansao-de-audiencia-usando-dados-3p\/\" class=\"icon-btn\"><span class=\"fa-sharp fa-light fa-arrow-right\"><\/span><\/a>\r\n                        <\/div>\r\n                    <\/div>\r\n                <\/div>\r\n            <\/div> \r\n                                    <div class=\"col-lg-4 col-md-6 mb-25\">\r\n                <div class=\"item\">\r\n                                        <div class=\"img\">\r\n                        <a href=\"https:\/\/agenciaizoom.com.br\/v1\/tiktok-shop-e-commerce-chega-ao-brasil\/\"><img decoding=\"async\" data-src=\"https:\/\/agenciaizoom.com.br\/v1\/wp-content\/uploads\/2025\/04\/TikTok-Shop-Chega-ao-Brasil.png\" alt=\"\" src=\"data:image\/svg+xml;base64,PHN2ZyB3aWR0aD0iMSIgaGVpZ2h0PSIxIiB4bWxucz0iaHR0cDovL3d3dy53My5vcmcvMjAwMC9zdmciPjwvc3ZnPg==\" class=\"lazyload\" style=\"--smush-placeholder-width: 1200px; --smush-placeholder-aspect-ratio: 1200\/630;\"><\/a>\r\n                    <\/div>\r\n                \t                    <div class=\"wrapper\">\r\n                        <div class=\"date\">\r\n                            <a href=\"https:\/\/agenciaizoom.com.br\/v1\/tiktok-shop-e-commerce-chega-ao-brasil\/\">14\/04\/2025<\/a>\r\n                        <\/div>\r\n                        <div class=\"con\">\r\n                            <div class=\"category\">\r\n                                <i class=\"fa-regular fa-user\"><\/i><a href=\"https:\/\/agenciaizoom.com.br\/v1\/author\/izoom\/\" title=\"Posts de izoom\" rel=\"author\">izoom<\/a>                                <i class=\"fa-regular fa-tag\"><\/i><ul class=\"post-categories\">\n\t<li><a href=\"https:\/\/agenciaizoom.com.br\/v1\/category\/business\/\" rel=\"category tag\">Business<\/a><\/li>\n\t<li><a href=\"https:\/\/agenciaizoom.com.br\/v1\/category\/marketing\/\" rel=\"category tag\">Marketing<\/a><\/li><\/ul>                            <\/div>\r\n                            <div class=\"text\">\r\n                                <a href=\"https:\/\/agenciaizoom.com.br\/v1\/tiktok-shop-e-commerce-chega-ao-brasil\/\">TikTok Shop: E-commerce Chega ao Brasil<\/a>\r\n                            <\/div>\r\n                            <a href=\"https:\/\/agenciaizoom.com.br\/v1\/tiktok-shop-e-commerce-chega-ao-brasil\/\" class=\"icon-btn\"><span class=\"fa-sharp fa-light fa-arrow-right\"><\/span><\/a>\r\n                        <\/div>\r\n                    <\/div>\r\n                <\/div>\r\n            <\/div> \r\n                                    <div class=\"col-lg-4 col-md-6 mb-25\">\r\n                <div class=\"item\">\r\n                                        <div class=\"img\">\r\n                        <a href=\"https:\/\/agenciaizoom.com.br\/v1\/dados-de-crm-para-campanhas\/\"><img decoding=\"async\" data-src=\"https:\/\/agenciaizoom.com.br\/v1\/wp-content\/uploads\/2025\/04\/CRM-Completo-e-Eficaz.png\" alt=\"\" src=\"data:image\/svg+xml;base64,PHN2ZyB3aWR0aD0iMSIgaGVpZ2h0PSIxIiB4bWxucz0iaHR0cDovL3d3dy53My5vcmcvMjAwMC9zdmciPjwvc3ZnPg==\" class=\"lazyload\" style=\"--smush-placeholder-width: 1200px; --smush-placeholder-aspect-ratio: 1200\/630;\"><\/a>\r\n                    <\/div>\r\n                \t                    <div class=\"wrapper\">\r\n                        <div class=\"date\">\r\n                            <a href=\"https:\/\/agenciaizoom.com.br\/v1\/dados-de-crm-para-campanhas\/\">10\/04\/2025<\/a>\r\n                        <\/div>\r\n                        <div class=\"con\">\r\n                            <div class=\"category\">\r\n                                <i class=\"fa-regular fa-user\"><\/i><a href=\"https:\/\/agenciaizoom.com.br\/v1\/author\/izoom\/\" title=\"Posts de izoom\" rel=\"author\">izoom<\/a>                                <i class=\"fa-regular fa-tag\"><\/i><ul class=\"post-categories\">\n\t<li><a href=\"https:\/\/agenciaizoom.com.br\/v1\/category\/marketing\/\" rel=\"category tag\">Marketing<\/a><\/li><\/ul>                            <\/div>\r\n                            <div class=\"text\">\r\n                                <a href=\"https:\/\/agenciaizoom.com.br\/v1\/dados-de-crm-para-campanhas\/\">Dados de CRM para Campanhas de Marketing Personalizadas.<\/a>\r\n                            <\/div>\r\n                            <a href=\"https:\/\/agenciaizoom.com.br\/v1\/dados-de-crm-para-campanhas\/\" class=\"icon-btn\"><span class=\"fa-sharp fa-light fa-arrow-right\"><\/span><\/a>\r\n                        <\/div>\r\n                    <\/div>\r\n                <\/div>\r\n            <\/div> \r\n                                    <div class=\"col-lg-4 col-md-6 mb-25\">\r\n                <div class=\"item\">\r\n                                        <div class=\"img\">\r\n                        <a href=\"https:\/\/agenciaizoom.com.br\/v1\/como-funcionagoogle-ads\/\"><img decoding=\"async\" data-src=\"https:\/\/agenciaizoom.com.br\/v1\/wp-content\/uploads\/2025\/04\/Google-Ads.png\" alt=\"\" src=\"data:image\/svg+xml;base64,PHN2ZyB3aWR0aD0iMSIgaGVpZ2h0PSIxIiB4bWxucz0iaHR0cDovL3d3dy53My5vcmcvMjAwMC9zdmciPjwvc3ZnPg==\" class=\"lazyload\" style=\"--smush-placeholder-width: 1200px; --smush-placeholder-aspect-ratio: 1200\/630;\"><\/a>\r\n                    <\/div>\r\n                \t                    <div class=\"wrapper\">\r\n                        <div class=\"date\">\r\n                            <a href=\"https:\/\/agenciaizoom.com.br\/v1\/como-funcionagoogle-ads\/\">09\/04\/2025<\/a>\r\n                        <\/div>\r\n                        <div class=\"con\">\r\n                            <div class=\"category\">\r\n                                <i class=\"fa-regular fa-user\"><\/i><a href=\"https:\/\/agenciaizoom.com.br\/v1\/author\/izoom\/\" title=\"Posts de izoom\" rel=\"author\">izoom<\/a>                                <i class=\"fa-regular fa-tag\"><\/i><ul class=\"post-categories\">\n\t<li><a href=\"https:\/\/agenciaizoom.com.br\/v1\/category\/midia-paga\/\" rel=\"category tag\">M\u00cdDIA PAGA<\/a><\/li><\/ul>                            <\/div>\r\n                            <div class=\"text\">\r\n                                <a href=\"https:\/\/agenciaizoom.com.br\/v1\/como-funcionagoogle-ads\/\">Como Funciona Google Ads<\/a>\r\n                            <\/div>\r\n                            <a href=\"https:\/\/agenciaizoom.com.br\/v1\/como-funcionagoogle-ads\/\" class=\"icon-btn\"><span class=\"fa-sharp fa-light fa-arrow-right\"><\/span><\/a>\r\n                        <\/div>\r\n                    <\/div>\r\n                <\/div>\r\n            <\/div> \r\n                                    <div class=\"col-lg-4 col-md-6 mb-25\">\r\n                <div class=\"item\">\r\n                                        <div class=\"img\">\r\n                        <a href=\"https:\/\/agenciaizoom.com.br\/v1\/agencia-de-trafego-pago-em-curitiba\/\"><img decoding=\"async\" data-src=\"https:\/\/agenciaizoom.com.br\/v1\/wp-content\/uploads\/2025\/04\/Agencia-de-Trafego-Pago-em-Curitiba.png\" alt=\"\" src=\"data:image\/svg+xml;base64,PHN2ZyB3aWR0aD0iMSIgaGVpZ2h0PSIxIiB4bWxucz0iaHR0cDovL3d3dy53My5vcmcvMjAwMC9zdmciPjwvc3ZnPg==\" class=\"lazyload\" style=\"--smush-placeholder-width: 1200px; --smush-placeholder-aspect-ratio: 1200\/630;\"><\/a>\r\n                    <\/div>\r\n                \t                    <div class=\"wrapper\">\r\n                        <div class=\"date\">\r\n                            <a href=\"https:\/\/agenciaizoom.com.br\/v1\/agencia-de-trafego-pago-em-curitiba\/\">07\/04\/2025<\/a>\r\n                        <\/div>\r\n                        <div class=\"con\">\r\n                            <div class=\"category\">\r\n                                <i class=\"fa-regular fa-user\"><\/i><a href=\"https:\/\/agenciaizoom.com.br\/v1\/author\/izoom\/\" title=\"Posts de izoom\" rel=\"author\">izoom<\/a>                                <i class=\"fa-regular fa-tag\"><\/i><ul class=\"post-categories\">\n\t<li><a href=\"https:\/\/agenciaizoom.com.br\/v1\/category\/dicas\/\" rel=\"category tag\">Dicas<\/a><\/li>\n\t<li><a href=\"https:\/\/agenciaizoom.com.br\/v1\/category\/midia-paga\/\" rel=\"category tag\">M\u00cdDIA PAGA<\/a><\/li><\/ul>                            <\/div>\r\n                            <div class=\"text\">\r\n                                <a href=\"https:\/\/agenciaizoom.com.br\/v1\/agencia-de-trafego-pago-em-curitiba\/\">Ag\u00eancia de Tr\u00e1fego Pago em Curitiba<\/a>\r\n                            <\/div>\r\n                            <a href=\"https:\/\/agenciaizoom.com.br\/v1\/agencia-de-trafego-pago-em-curitiba\/\" class=\"icon-btn\"><span class=\"fa-sharp fa-light fa-arrow-right\"><\/span><\/a>\r\n                        <\/div>\r\n                    <\/div>\r\n                <\/div>\r\n            <\/div> \r\n                    <\/div>\r\n        <!-- pagination -->\r\n        <div class=\"row\">\r\n            <div class=\"col-md-12 mt-60 text-center\">\r\n                \t\t\t\t<span aria-current=\"page\" class=\"page-numbers current\">1<\/span>\n<a class=\"page-numbers\" href=\"https:\/\/agenciaizoom.com.br\/v1\/wp-json\/wp\/v2\/pages\/86\/page\/2\/\">2<\/a>\n<a class=\"page-numbers\" href=\"https:\/\/agenciaizoom.com.br\/v1\/wp-json\/wp\/v2\/pages\/86\/page\/3\/\">3<\/a>\n<span class=\"page-numbers dots\">&hellip;<\/span>\n<a class=\"page-numbers\" href=\"https:\/\/agenciaizoom.com.br\/v1\/wp-json\/wp\/v2\/pages\/86\/page\/7\/\">7<\/a>\n<a class=\"next page-numbers\" href=\"https:\/\/agenciaizoom.com.br\/v1\/wp-json\/wp\/v2\/pages\/86\/page\/2\/\"><i class=\"fa-solid fa-caret-right\"><\/i><\/a>              \t\r\n              \t            <\/div>\r\n        <\/div>\r\n    <\/div>\r\n<\/section>\r\n\r\n\t\t\t\t\t<\/div>\n\t\t\t\t<\/div>\n\t\t\t\t\t<\/div>\n\t\t<\/div>\n\t\t\t\t\t<\/div>\n\t\t<\/section>\n\t\t\t\t<section class=\"elementor-section elementor-top-section elementor-element elementor-element-0dd7a85 elementor-section-full_width elementor-section-height-default elementor-section-height-default\" data-id=\"0dd7a85\" data-element_type=\"section\" data-e-type=\"section\">\n\t\t\t\t\t\t<div class=\"elementor-container elementor-column-gap-no\">\n\t\t\t\t\t<div class=\"elementor-column elementor-col-100 elementor-top-column elementor-element elementor-element-a393ca7\" data-id=\"a393ca7\" data-element_type=\"column\" data-e-type=\"column\">\n\t\t\t<div class=\"elementor-widget-wrap elementor-element-populated\">\n\t\t\t\t\t\t<div class=\"elementor-element elementor-element-cd4c86c elementor-align-left elementor-widget elementor-widget-bdevs-lets-talk\" data-id=\"cd4c86c\" data-element_type=\"widget\" data-e-type=\"widget\" data-widget_type=\"bdevs-lets-talk.default\">\n\t\t\t\t<div class=\"elementor-widget-container\">\n\t\t\t\t\t \r\n<div class=\"line-vr-section\"><\/div>\r\n<section id=\"contact\" data-scroll-index=\"6\" class=\"lets-talk background bg-img bg-fixed section-padding\" data-overlay-dark=\"5\" data-background=\"https:\/\/shthemes.net\/demosd\/acens\/wp-content\/uploads\/2024\/03\/banner2.jpg\">\r\n    <div class=\"container\">\r\n        <div class=\"row\">\r\n            <div class=\"col-md-12 text-center\">\r\n            \t                                <h5><span>Vamos <\/span> conversar?<\/h5> \r\n                                                <a href=\"tel: 41 3079-9707\" class=\"btn-1 mt-30\"> <i class=\"fa-solid fa-phone\"><\/i>  41 3079-9707<\/a> \r\n                                                <a href=\"\" class=\"btn-5 mt-30\"> <i class=\"fa-solid fa-paper-plane\"><\/i> <\/a>\r\n                            <\/div>\r\n        <\/div>\r\n    <\/div>\r\n<\/section>\r\n\t\t\t\t\t<\/div>\n\t\t\t\t<\/div>\n\t\t\t\t\t<\/div>\n\t\t<\/div>\n\t\t\t\t\t<\/div>\n\t\t<\/section>\n\t\t\t\t<\/div>\n\t\t","protected":false},"excerpt":{"rendered":"<p>Nosso Blog Nosso Blog 22\/01\/2025 izoom Marketing 10 dicas para melhorar o posicionamento no Google 12\/07\/2023 izoom Marketing Growth Hacking vs. Growth Marketing: qual \u00e9 a diferen\u00e7a? 03\/07\/2023 izoom M\u00cdDIA PAGA AN\u00daNCIOS DISCOVERY DO GOOGLE X AN\u00daNCIOS GR\u00c1FICOS 02\/06\/2022 izoom Business Dicas Marketing Conte\u00fado para neg\u00f3cios B2B! 26\/05\/2022 izoom Blog Marketing Tr\u00e1fegos: Pago x Org\u00e2nico [&hellip;]<\/p>\n","protected":false},"author":1,"featured_media":0,"parent":0,"menu_order":0,"comment_status":"closed","ping_status":"closed","template":"page-templates\/home.php","meta":{"inline_featured_image":false,"footnotes":""},"class_list":["post-86","page","type-page","status-publish","hentry"],"aioseo_notices":[],"_links":{"self":[{"href":"https:\/\/agenciaizoom.com.br\/v1\/wp-json\/wp\/v2\/pages\/86","targetHints":{"allow":["GET"]}}],"collection":[{"href":"https:\/\/agenciaizoom.com.br\/v1\/wp-json\/wp\/v2\/pages"}],"about":[{"href":"https:\/\/agenciaizoom.com.br\/v1\/wp-json\/wp\/v2\/types\/page"}],"author":[{"embeddable":true,"href":"https:\/\/agenciaizoom.com.br\/v1\/wp-json\/wp\/v2\/users\/1"}],"replies":[{"embeddable":true,"href":"https:\/\/agenciaizoom.com.br\/v1\/wp-json\/wp\/v2\/comments?post=86"}],"version-history":[{"count":12,"href":"https:\/\/agenciaizoom.com.br\/v1\/wp-json\/wp\/v2\/pages\/86\/revisions"}],"predecessor-version":[{"id":18197,"href":"https:\/\/agenciaizoom.com.br\/v1\/wp-json\/wp\/v2\/pages\/86\/revisions\/18197"}],"wp:attachment":[{"href":"https:\/\/agenciaizoom.com.br\/v1\/wp-json\/wp\/v2\/media?parent=86"}],"curies":[{"name":"wp","href":"https:\/\/api.w.org\/{rel}","templated":true}]}}